{"id":24,"date":"2014-02-06T10:49:26","date_gmt":"2014-02-06T09:49:26","guid":{"rendered":"http:\/\/tb-consulting.fr\/cache\/?page_id=24"},"modified":"2019-02-20T17:25:18","modified_gmt":"2019-02-20T15:25:18","slug":"associations-et-groupements","status":"publish","type":"page","link":"http:\/\/tb-consulting.fr\/?page_id=24","title":{"rendered":"Associations et ordres professionnels"},"content":{"rendered":"<div align=\"left\">La participation de<span style=\"color: #800000;\"><strong> Thierry Ballot<\/strong><\/span> \u00e0 diverses associations lui permet d&rsquo;avoir acc\u00e8s \u00e0 un r\u00e9seau \u00e9tendu de comp\u00e9tences vari\u00e9es<\/div>\n<div><\/div>\n<div align=\"left\">\n<ul>\n<li style=\"text-align: justify;\">Compagnie Nationale des Experts Comptables de Justice (CNECJ)<\/li>\n<li style=\"text-align: justify;\">Institut d&rsquo;Expertise, d&rsquo;Arbitrage et de M\u00e9diation (IEAM)<\/li>\n<li style=\"text-align: justify;\">Autres associations dans le domaine culturel<\/li>\n<\/ul>\n<\/div>\n","protected":false},"excerpt":{"rendered":"<p>La participation de Thierry Ballot \u00e0 diverses associations lui permet d&rsquo;avoir acc\u00e8s \u00e0 un r\u00e9seau \u00e9tendu de comp\u00e9tences vari\u00e9es Compagnie Nationale des Experts Comptables de Justice (CNECJ) Institut d&rsquo;Expertise, d&rsquo;Arbitrage et de M\u00e9diation (IEAM) Autres associations dans le domaine culturel<\/p>\n","protected":false},"author":1,"featured_media":0,"parent":0,"menu_order":3,"comment_status":"closed","ping_status":"open","template":"","meta":[],"_links":{"self":[{"href":"http:\/\/tb-consulting.fr\/index.php?rest_route=\/wp\/v2\/pages\/24"}],"collection":[{"href":"http:\/\/tb-consulting.fr\/index.php?rest_route=\/wp\/v2\/pages"}],"about":[{"href":"http:\/\/tb-consulting.fr\/index.php?rest_route=\/wp\/v2\/types\/page"}],"author":[{"embeddable":true,"href":"http:\/\/tb-consulting.fr\/index.php?rest_route=\/wp\/v2\/users\/1"}],"replies":[{"embeddable":true,"href":"http:\/\/tb-consulting.fr\/index.php?rest_route=%2Fwp%2Fv2%2Fcomments&post=24"}],"version-history":[{"count":10,"href":"http:\/\/tb-consulting.fr\/index.php?rest_route=\/wp\/v2\/pages\/24\/revisions"}],"predecessor-version":[{"id":154,"href":"http:\/\/tb-consulting.fr\/index.php?rest_route=\/wp\/v2\/pages\/24\/revisions\/154"}],"wp:attachment":[{"href":"http:\/\/tb-consulting.fr\/index.php?rest_route=%2Fwp%2Fv2%2Fmedia&parent=24"}],"curies":[{"name":"wp","href":"https:\/\/api.w.org\/{rel}","templated":true}]}}