{"id":58,"date":"2014-02-06T13:31:19","date_gmt":"2014-02-06T12:31:19","guid":{"rendered":"http:\/\/tb-consulting.fr\/cache\/?page_id=58"},"modified":"2014-02-06T14:16:58","modified_gmt":"2014-02-06T13:16:58","slug":"exemples-dintervention","status":"publish","type":"page","link":"http:\/\/tb-consulting.fr\/?page_id=58","title":{"rendered":"Exemples d&rsquo;intervention"},"content":{"rendered":"<p>Les<span style=\"color: #800000;\"><strong> principales missions,<\/strong><\/span> que Thierry Ballot a r\u00e9alis\u00e9 sur les dix derni\u00e8res ann\u00e9es, ont port\u00e9 sur les domaines suivants:<\/p>\n<ul>\n<li>Assistance aux litiges<\/li>\n<\/ul>\n<ul>\n<li>Audit, investigations de fraude et revue de <em>compliance<\/em><\/li>\n<\/ul>\n<ul>\n<li>Activit\u00e9s <em>Mergers &amp; Acquisitions<\/em><\/li>\n<\/ul>\n","protected":false},"excerpt":{"rendered":"<p>Les principales missions, que Thierry Ballot a r\u00e9alis\u00e9 sur les dix derni\u00e8res ann\u00e9es, ont port\u00e9 sur les domaines suivants: Assistance aux litiges Audit, investigations de fraude et revue de compliance Activit\u00e9s Mergers &amp; Acquisitions<\/p>\n","protected":false},"author":1,"featured_media":0,"parent":0,"menu_order":2,"comment_status":"closed","ping_status":"open","template":"","meta":[],"_links":{"self":[{"href":"http:\/\/tb-consulting.fr\/index.php?rest_route=\/wp\/v2\/pages\/58"}],"collection":[{"href":"http:\/\/tb-consulting.fr\/index.php?rest_route=\/wp\/v2\/pages"}],"about":[{"href":"http:\/\/tb-consulting.fr\/index.php?rest_route=\/wp\/v2\/types\/page"}],"author":[{"embeddable":true,"href":"http:\/\/tb-consulting.fr\/index.php?rest_route=\/wp\/v2\/users\/1"}],"replies":[{"embeddable":true,"href":"http:\/\/tb-consulting.fr\/index.php?rest_route=%2Fwp%2Fv2%2Fcomments&post=58"}],"version-history":[{"count":5,"href":"http:\/\/tb-consulting.fr\/index.php?rest_route=\/wp\/v2\/pages\/58\/revisions"}],"predecessor-version":[{"id":80,"href":"http:\/\/tb-consulting.fr\/index.php?rest_route=\/wp\/v2\/pages\/58\/revisions\/80"}],"wp:attachment":[{"href":"http:\/\/tb-consulting.fr\/index.php?rest_route=%2Fwp%2Fv2%2Fmedia&parent=58"}],"curies":[{"name":"wp","href":"https:\/\/api.w.org\/{rel}","templated":true}]}}